{"id":2238,"date":"2021-07-05T10:43:23","date_gmt":"2021-07-05T13:43:23","guid":{"rendered":"https:\/\/marchiori.com\/politica-de-privacidade\/"},"modified":"2023-07-12T14:35:12","modified_gmt":"2023-07-12T17:35:12","slug":"politica-de-privacidade","status":"publish","type":"page","link":"https:\/\/marchiori.com\/es\/politica-de-privacidade\/","title":{"rendered":"Pol\u00edtica de privacidade"},"content":{"rendered":"<p>&nbsp;<\/p>\n<p>Este site \u00e9 mantido e operado pela Marchiori, Sachet, Barros e Dias Sociedade de advogados.<\/p>\n<p><strong>Quem s\u00e3o os destinat\u00e1rios desta Pol\u00edtica de Privacidade?<\/strong><\/p>\n<p>Esta pol\u00edtica \u00e9 destinada aos nossos colaboradores, usu\u00e1rios e\/ou pessoas, sejam naturais ou jur\u00eddicas, que se relacionam com a MARCHIORI, pois a LGPD (Lei n\u00ba 13.709\/2018) se aplica a todos os que realizam opera\u00e7\u00f5es e processamentos de dados pessoais.<\/p>\n<p><strong>Conceitos<\/strong><\/p>\n<p>Dado pessoal: informa\u00e7\u00e3o relacionada a pessoa natural identificada ou identific\u00e1vel.<\/p>\n<p>Dado sens\u00edvel: dado pessoal sobre origem racial ou \u00e9tnica, convic\u00e7\u00e3o religiosa, opini\u00e3o pol\u00edtica, filia\u00e7\u00e3o a sindicato ou a organiza\u00e7\u00e3o de car\u00e1ter religioso, filos\u00f3fico ou pol\u00edtico; dado referente \u00e0 sa\u00fade ou \u00e0 vida sexual; dado gen\u00e9tico ou biom\u00e9trico, quando vinculado a uma pessoa natural.<\/p>\n<p>Titular: pessoa natural a quem os dados pessoais se referem, tais como: n\u00e3o usu\u00e1rios, contratados, parceiros comerciais e terceiros, que se relacionem, de alguma forma, com a MARCHIORI.<\/p>\n<p>Tratamento de dados: toda opera\u00e7\u00e3o realizada com dados pessoais, tais como: coleta, produ\u00e7\u00e3o, recep\u00e7\u00e3o, classifica\u00e7\u00e3o, utiliza\u00e7\u00e3o, acesso, reprodu\u00e7\u00e3o, transmiss\u00e3o, distribui\u00e7\u00e3o, processamento, arquivamento, armazenamento, elimina\u00e7\u00e3o, avalia\u00e7\u00e3o ou controle da informa\u00e7\u00e3o, modifica\u00e7\u00e3o, comunica\u00e7\u00e3o, transfer\u00eancia, difus\u00e3o ou extra\u00e7\u00e3o.<\/p>\n<p><strong>Nossa linguagem e diretrizes<\/strong><\/p>\n<p>A Pol\u00edtica de Privacidade (PP) apresentar\u00e1, em linguagem simples e objetiva, como e quais dados e\/ou informa\u00e7\u00f5es dos titulares ser\u00e3o tratados.<\/p>\n<p>Para essa PP, s\u00e3o adotados os conceitos e princ\u00edpios previstos na LGPD, dentre eles: boa-f\u00e9, finalidade, adequa\u00e7\u00e3o, necessidade, livre acesso, qualidade dos dados, transpar\u00eancia, seguran\u00e7a, preven\u00e7\u00e3o, n\u00e3o discrimina\u00e7\u00e3o, responsabiliza\u00e7\u00e3o e presta\u00e7\u00e3o de contas.<\/p>\n<p><strong>A prote\u00e7\u00e3o dos seus dados pessoais<\/strong><\/p>\n<p>Utilizamos as medidas de seguran\u00e7a que est\u00e3o ao nosso alcance para proteger os seus dados pessoais. Dentre elas, destacamos:<\/p>\n<ol>\n<li>a) Acesso \u00e0 base de dados restrito aos colaboradores envolvidos na opera\u00e7\u00e3o;<\/li>\n<li>b) Certificado de Seguran\u00e7a na transa\u00e7\u00e3o de dados entre os sistemas;<\/li>\n<li>c) Monitoramento dos acessos;<\/li>\n<li>d) Defini\u00e7\u00e3o e distin\u00e7\u00e3o de perfis de acessos aos sistemas;<\/li>\n<li>e) Ado\u00e7\u00e3o de procedimentos preventivos de seguran\u00e7a da informa\u00e7\u00e3o; entre outros.<\/li>\n<\/ol>\n<p><strong>Precisamos da sua ajuda<\/strong><\/p>\n<p>A MARCHIORI sempre adotou e adotar\u00e1 as melhores pr\u00e1ticas de seguran\u00e7a para preserva\u00e7\u00e3o dos seus dados. Por esse motivo, pedimos sua aten\u00e7\u00e3o no que diz respeito ao compartilhamento de seus dados de acesso e respectiva senha a terceiros. N\u00e3o temos como evitar eventual compartilhamento, mas \u00e9 importante que voc\u00ea tome esse cuidado.<\/p>\n<p><strong>Quais s\u00e3o os nossos canais de comunica\u00e7\u00e3o?<\/strong><\/p>\n<p>Utilizamos e-mail compliance@marchiori.com e canal Fale Conosco em nosso site. Em caso de qualquer d\u00favida, entre em contato conosco para verificar a autenticidade das informa\u00e7\u00f5es recebidas.<\/p>\n<p><strong>Como s\u00e3o coletados os seus dados?<\/strong><\/p>\n<p>O fornecimento inicial dos dados pessoais \u00e9 feito por voc\u00ea em nossos canais de comunica\u00e7\u00e3o e de intera\u00e7\u00e3o. A MARCHIORI pode coletar informa\u00e7\u00f5es de modo autom\u00e1tico em raz\u00e3o da utiliza\u00e7\u00e3o dos nossos servi\u00e7os. Essas informa\u00e7\u00f5es s\u00e3o necess\u00e1rias para lhe proporcionar uma melhor usabilidade e garantir sua seguran\u00e7a.<\/p>\n<p><strong>Por que a MARCHIORI utiliza os seus dados?<\/strong><\/p>\n<p>Seus dados pessoais s\u00e3o utilizados para fins leg\u00edtimos, l\u00edcitos e sempre vinculados \u00e0 sua condi\u00e7\u00e3o de colaboradores, usu\u00e1rios e\/ou pessoas, sejam naturais ou jur\u00eddicas, que se relacionam com a MARCHIORI. A depender dos servi\u00e7os e funcionalidades utilizados, seus dados s\u00e3o coletados para proporcionar uma maior satisfa\u00e7\u00e3o, ou seja, uma experi\u00eancia diferenciada com a MARCHIORI, e sem d\u00favida para cumprir as exig\u00eancias legais, sejam elas de ordem municipal, estadual ou federal. Em todas as hip\u00f3teses, o tratamento dos dados ser\u00e1 limitado ao m\u00ednimo necess\u00e1rio para realiza\u00e7\u00e3o de suas finalidades.<\/p>\n<p><strong>Dados cadastrais<\/strong><\/p>\n<p>A MARCHIORI coleta seu nome completo, RG, CPF, data de nascimento, idade, endere\u00e7o completo, estado civil, escolaridade, nacionalidade, e-mail, telefone e \u00e1rea de atua\u00e7\u00e3o.<\/p>\n<p><strong>Dados de pagamento<\/strong><\/p>\n<p>A MARCHIORI coleta, se for essa a sua op\u00e7\u00e3o, dados para efetuar o pagamento dos produtos e servi\u00e7os adquiridos.<\/p>\n<p><strong>Dados do dispositivo<\/strong><\/p>\n<p>A MARCHIORI coleta, dependendo da sua forma de acesso, o n\u00famero do IMEI e outros identificadores exclusivos do dispositivo, endere\u00e7o MAC, endere\u00e7o IP, vers\u00f5es do sistema operacional e configura\u00e7\u00f5es do dispositivo para acesso aos produtos e servi\u00e7os ofertados.<\/p>\n<p><strong>Seus dados sens\u00edveis<\/strong><\/p>\n<p>A MARCHIORI pode utilizar dados sens\u00edveis para a autentica\u00e7\u00e3o de sua identifica\u00e7\u00e3o e de igual forma para o cumprimento das exig\u00eancias legais.<\/p>\n<p><strong>Compartilhamento dos dados<\/strong><\/p>\n<p>A MARCHIORI poder\u00e1 compartilhar as informa\u00e7\u00f5es dos dados com os seguintes destinat\u00e1rios: a) prestadores de servi\u00e7os respons\u00e1veis por colaborar para a constru\u00e7\u00e3o e o desenvolvimento dos produtos e servi\u00e7os disponibilizados; b) prestadores de servi\u00e7os com o prop\u00f3sito de nos apoiar em alguma atividade complementar aos produtos e servi\u00e7os que realizamos ou viabilizar alguma atividade acess\u00f3ria sempre relacionada com nossas atividades; c) parceiros envolvidos em rela\u00e7\u00f5es comerciais com a MARCHIORI para desenvolvimento das atividades, inclusive para fins publicit\u00e1rios; e d) Administra\u00e7\u00e3o P\u00fablica em caso de obriga\u00e7\u00e3o legal ou judicial, \u00f3rg\u00e3os reguladores, \u00f3rg\u00e3os fiscalizadores e empresas de auditoria, com o prop\u00f3sito de cumprimento da legisla\u00e7\u00e3o.<\/p>\n<p><strong>Transfer\u00eancia de dados pessoais<\/strong><\/p>\n<p>O site, o e-mail, os aplicativos e outros produtos e servi\u00e7os da MARCHIORI poder\u00e3o conter links para websites e aplicativos de terceiros. Em caso de processamento de seus dados pessoais, para acesso aos produtos e servi\u00e7os da MARCHIORI ou atividades realizadas em conjunto, sempre utilizaremos de servi\u00e7os especializados garantindo a integridade de seus dados.<\/p>\n<p><strong>Direito dos titulares<\/strong><\/p>\n<p>Os dados pessoais estar\u00e3o dispon\u00edveis para a MARCHIORI enquanto forem necess\u00e1rios ao cumprimento da finalidade para a qual foram coletados ou de acordo com o prazo previsto em lei ou regulamenta\u00e7\u00e3o espec\u00edfica, podendo o titular dos dados exercer, a qualquer tempo e mediante requisi\u00e7\u00e3o, as prerrogativas definidas no artigo 18 da LGPD.<\/p>\n<p>Eventual tratamento de dados pessoais de menores de 18 anos ser\u00e1 realizado por solicita\u00e7\u00e3o de seu representante legal.<\/p>\n<p><strong>Inexatid\u00e3o dos dados<\/strong><\/p>\n<p>A MARCHIORI n\u00e3o \u00e9 respons\u00e1vel pela autenticidade ou desatualiza\u00e7\u00e3o dos dados pessoais que lhe s\u00e3o fornecidos. Cabe ao titular prest\u00e1-los com exatid\u00e3o e\/ou atualiz\u00e1-los.<\/p>\n<p><strong>Seguran\u00e7a e transpar\u00eancia dos dados<\/strong><\/p>\n<p>Voc\u00ea sempre ter\u00e1 acesso \u00e0s suas informa\u00e7\u00f5es. A MARCHIORI proteger\u00e1 os dados fornecidos e porventura coletados, comprometendo-se a realizar a adequa\u00e7\u00e3o de processos vinculados aos produtos e servi\u00e7os de modo a utilizar apenas as informa\u00e7\u00f5es necess\u00e1rias. De igual forma, adotar\u00e1 medidas t\u00e9cnicas e administrativas aptas a proteger seus dados, zelando pela confidencialidade, disponibilidade e integridade. A MARCHIORI se compromete a informar ao titular e \u00e0s autoridades respons\u00e1veis quaisquer incidentes de seguran\u00e7a de que tenha ci\u00eancia e entenda como pass\u00edveis de acarretar risco ou preju\u00edzo relevante ao titular, em conformidade com o disposto na LGPD.<\/p>\n<p><strong>Capacita\u00e7\u00e3o de nossos colaboradores<\/strong><\/p>\n<p>A MARCHIORI adota pol\u00edtica interna que assegura o cumprimento das boas pr\u00e1ticas relativas \u00e0 prote\u00e7\u00e3o de dados pessoais, inclusive com a divulga\u00e7\u00e3o de informativos e a realiza\u00e7\u00e3o de treinamentos a seus colaboradores sobre a LGPD.<\/p>\n<p><strong>Cookies<\/strong><\/p>\n<p>Os cookies s\u00e3o pequenos arquivos de texto gerados durante a sua navega\u00e7\u00e3o pela internet, que s\u00e3o utilizados por n\u00f3s para autentica\u00e7\u00e3o, seguran\u00e7a e personaliza\u00e7\u00e3o de sua usabilidade.<\/p>\n<p>Utilizamos duas categorias de cookies: a) os necess\u00e1rios, sem os quais as funcionalidades do site ficam limitadas, e b) os de desempenho, que nos ajudam a entender a forma de navega\u00e7\u00e3o e localizar poss\u00edveis erros.<\/p>\n<p>Voc\u00ea pode bloquear os cookies diretamente no seu navegador e excluir os j\u00e1 existentes atrav\u00e9s das configura\u00e7\u00f5es. No entanto, isso pode ocasionar restri\u00e7\u00f5es nas fun\u00e7\u00f5es ou ter efeitos negativos na utiliza\u00e7\u00e3o do nosso site. Para facilitar sua administra\u00e7\u00e3o, acesse:<\/p>\n<ul>\n<li><strong>Internet Explorer<\/strong>:\u00a0<a href=\"https:\/\/support.microsoft.com\/pt-br\/help\/17442\/windowsinternet-explorer-delete-manage-cookies\">https:\/\/support.microsoft.com\/pt-br\/help\/17442\/windowsinternet-explorer-delete-manage-cookies<\/a><\/li>\n<\/ul>\n<ul>\n<li><strong>Mozilla Firefox<\/strong>:\u00a0<a href=\"https:\/\/support.mozilla.org\/pt-BR\/kb\/ative-e-desative-oscookies-que-os-sites-usam\">https:\/\/support.mozilla.org\/pt-BR\/kb\/ative-e-desative-oscookies-que-os-sites-usam<\/a><\/li>\n<\/ul>\n<ul>\n<li><strong>GoogleChrome<\/strong>:\u00a0<a href=\"https:\/\/support.google.com\/accounts\/answer\/61416?co=GENIE.Platform%3DDe%20sktop&amp;hl=pt-BR\">https:\/\/support.google.com\/accounts\/answer\/61416?co=GENIE.Platform%3DDe%20sktop&amp;hl=pt-BR<\/a><\/li>\n<\/ul>\n<ul>\n<li><strong>Safari<\/strong>:\u00a0<a href=\"https:\/\/support.apple.com\/pt-br\/guide\/safari\/sfri11471\/mac\">https:\/\/support.apple.com\/pt-br\/guide\/safari\/sfri11471\/mac<\/a><\/li>\n<\/ul>\n<p>&nbsp;<\/p>\n<p><strong>Ferramenta de an\u00e1lise do site<\/strong><\/p>\n<p>A MARCHIORI utiliza o Google Analytics para a an\u00e1lise de seus aplicativos e de suas p\u00e1ginas na web. Esse servi\u00e7o identifica os padr\u00f5es de navega\u00e7\u00e3o com a coleta de dados que visam aprimorar, personalizar, planejar mudan\u00e7as, entre outros, de modo a tornar a navega\u00e7\u00e3o mais \u00fatil e intuitiva. O Google s\u00f3 processa dados obtidos atrav\u00e9s do site de forma an\u00f4nima. Acesse:\u00a0<a href=\"https:\/\/policies.google.com\/technologies\/partner-sites?hl=pt-BR\">https:\/\/policies.google.com\/technologies\/partner-sites?hl=pt-BR<\/a>\u00a0e\u00a0<a href=\"https:\/\/policies.google.com\/privacy\">https:\/\/policies.google.com\/privacy<\/a>.<\/p>\n<p><strong>Realiza\u00e7\u00e3o de pesquisas pela MARCHIORI<\/strong><\/p>\n<p>Conforme previs\u00e3o estatut\u00e1ria, a MARCHIORI realiza pesquisas em diversas \u00e1reas, inclusive para aprimoramento dos produtos e servi\u00e7os, e sua participa\u00e7\u00e3o \u00e9 sempre volunt\u00e1ria. As informa\u00e7\u00f5es t\u00e9cnicas registradas pela pesquisa s\u00e3o as mesmas de uma navega\u00e7\u00e3o no site. As respostas n\u00e3o s\u00e3o vinculadas aos seus dados pessoais, como seu endere\u00e7o IP.<\/p>\n<p><strong>Possibilidade de opt-out (\u201cn\u00e3o autorizar\u201d)<\/strong><\/p>\n<p>Os servi\u00e7os da MARCHIORI podem ser configurados de modo a n\u00e3o receber quaisquer mensagens. Essa op\u00e7\u00e3o sempre estar\u00e1 dispon\u00edvel nos links que s\u00e3o enviados. Fique atento, no entanto, para n\u00e3o bloquear servi\u00e7os que s\u00e3o essenciais no seu dia a dia.<\/p>\n<p><strong>Bases legais<\/strong><\/p>\n<p>Os dados pessoais ser\u00e3o retidos nas hip\u00f3teses legais, apenas pelo per\u00edodo necess\u00e1rio para presta\u00e7\u00e3o de contas e cumprimento de obriga\u00e7\u00f5es legais ou regulat\u00f3rias, em conformidade com os dispositivos vigentes de prescri\u00e7\u00e3o aplicados \u00e0 esp\u00e9cie.<\/p>\n<p><strong>Prazo para as devolutivas<\/strong><\/p>\n<p>A MARCHIORI se compromete a responder \u00e0s solicita\u00e7\u00f5es dos titulares sempre em prazo razo\u00e1vel.<\/p>\n<p><strong>Pol\u00edtica de privacidade de terceiros<\/strong><\/p>\n<p>Esta PP trata apenas dos dados pessoais obtidos pela MARCHIORI. Outros sites que podem ser acessados atrav\u00e9s deste site t\u00eam suas pr\u00f3prias pr\u00e1ticas e pol\u00edticas de privacidade. Nossos parceiros independentes tamb\u00e9m t\u00eam suas pr\u00f3prias pr\u00e1ticas e pol\u00edticas de privacidade. Embora a MARCHIORI tente vincular apenas sites que compartilham nossos altos padr\u00f5es e respeito \u00e0 privacidade, n\u00e3o tem qualquer responsabilidade pelo conte\u00fado ou pelas pr\u00e1ticas de privacidade empregadas por outros sites.<\/p>\n<p><strong>Atualiza\u00e7\u00e3o da Pol\u00edtica de Privacidade<\/strong><\/p>\n<p>A MARCHIORI se reserva o direito de alterar a PP para cumprimento das normas complementares que ser\u00e3o estabelecidas pela Autoridade Nacional de Prote\u00e7\u00e3o de Dados (ANPD) e outras diretrizes que possam surgir. As revis\u00f5es da PP ser\u00e3o datadas visando \u00e0 transpar\u00eancia das informa\u00e7\u00f5es.<\/p>\n<p><strong>D\u00favidas, sugest\u00f5es e reclama\u00e7\u00f5es relativas \u00e0 PP<\/strong><\/p>\n<p>Em caso de d\u00favidas, sugest\u00f5es e\/ou reclama\u00e7\u00f5es relacionadas a esta PP ou outras pr\u00e1ticas relativas \u00e0 prote\u00e7\u00e3o de seus dados por parte da MARCHIORI, por favor, escreva um e-mail para:\u00a0<a href=\"mailto:dpo@sidetech.com.br\">compliance@marchiori.com<\/a>, ou entre em contato com o Comit\u00ea de Prote\u00e7\u00e3o de Dados da MARCHIORI, localizado na sede.<\/p>\n<p><strong>Formul\u00e1rio para exerc\u00edcio dos direitos do titular dos dados<\/strong><\/p>\n<p><a href=\"https:\/\/marchiori.com\/canal-de-etica-marchiori\/\">marchiori.com\/canal-de-etica-marchiori\/<\/a><\/p>\n<p><strong>Pol\u00edtica de Privacidade emitida e aprovada em 12 de julho de 2023.<br \/>\n<\/strong><\/p>\n<p>&nbsp;<\/p>\n","protected":false},"excerpt":{"rendered":"<p>&nbsp; Este site \u00e9 mantido [&hellip;]<\/p>\n","protected":false},"author":2,"featured_media":0,"parent":0,"menu_order":0,"comment_status":"closed","ping_status":"closed","template":"pages\/text.php","meta":{"om_disable_all_campaigns":false,"inline_featured_image":false,"_monsterinsights_skip_tracking":false,"_monsterinsights_sitenote_active":false,"_monsterinsights_sitenote_note":"","_monsterinsights_sitenote_category":0,"_uf_show_specific_survey":0,"_uf_disable_surveys":false,"footnotes":""},"class_list":["post-2238","page","type-page","status-publish","hentry"],"aioseo_notices":[],"yoast_head":"<!-- This site is optimized with the Yoast SEO plugin v26.3 - https:\/\/yoast.com\/wordpress\/plugins\/seo\/ -->\n<title>Pol\u00edtica de privacidade - Marchiori Advogados<\/title>\n<meta name=\"robots\" content=\"index, follow, max-snippet:-1, max-image-preview:large, max-video-preview:-1\" \/>\n<link rel=\"canonical\" href=\"https:\/\/marchiori.com\/es\/politica-de-privacidade\/\" \/>\n<meta property=\"og:locale\" content=\"es_ES\" \/>\n<meta property=\"og:type\" content=\"article\" \/>\n<meta property=\"og:title\" content=\"Pol\u00edtica de privacidade - Marchiori Advogados\" \/>\n<meta property=\"og:description\" content=\"&nbsp; Este site \u00e9 mantido [&hellip;]\" \/>\n<meta property=\"og:url\" content=\"https:\/\/marchiori.com\/es\/politica-de-privacidade\/\" \/>\n<meta property=\"og:site_name\" content=\"Marchiori Advogados\" \/>\n<meta property=\"article:modified_time\" content=\"2023-07-12T17:35:12+00:00\" \/>\n<meta name=\"twitter:card\" content=\"summary_large_image\" \/>\n<meta name=\"twitter:label1\" content=\"Est. reading time\" \/>\n\t<meta name=\"twitter:data1\" content=\"10 minutes\" \/>\n<script type=\"application\/ld+json\" class=\"yoast-schema-graph\">{\"@context\":\"https:\/\/schema.org\",\"@graph\":[{\"@type\":\"WebPage\",\"@id\":\"https:\/\/marchiori.com\/es\/politica-de-privacidade\/\",\"url\":\"https:\/\/marchiori.com\/es\/politica-de-privacidade\/\",\"name\":\"Pol\u00edtica de privacidade - Marchiori Advogados\",\"isPartOf\":{\"@id\":\"https:\/\/marchiori.com\/#website\"},\"datePublished\":\"2021-07-05T13:43:23+00:00\",\"dateModified\":\"2023-07-12T17:35:12+00:00\",\"inLanguage\":\"es-ES\",\"potentialAction\":[{\"@type\":\"ReadAction\",\"target\":[\"https:\/\/marchiori.com\/es\/politica-de-privacidade\/\"]}]},{\"@type\":\"WebSite\",\"@id\":\"https:\/\/marchiori.com\/#website\",\"url\":\"https:\/\/marchiori.com\/\",\"name\":\"Marchiori Advogados\",\"description\":\"Preservando os valores \u00e9ticos e morais no exerc\u00edcio da advocacia\",\"potentialAction\":[{\"@type\":\"SearchAction\",\"target\":{\"@type\":\"EntryPoint\",\"urlTemplate\":\"https:\/\/marchiori.com\/?s={search_term_string}\"},\"query-input\":{\"@type\":\"PropertyValueSpecification\",\"valueRequired\":true,\"valueName\":\"search_term_string\"}}],\"inLanguage\":\"es-ES\"}]}<\/script>\n<!-- \/ Yoast SEO plugin. -->","yoast_head_json":{"title":"Pol\u00edtica de privacidade - Marchiori Advogados","robots":{"index":"index","follow":"follow","max-snippet":"max-snippet:-1","max-image-preview":"max-image-preview:large","max-video-preview":"max-video-preview:-1"},"canonical":"https:\/\/marchiori.com\/es\/politica-de-privacidade\/","og_locale":"es_ES","og_type":"article","og_title":"Pol\u00edtica de privacidade - Marchiori Advogados","og_description":"&nbsp; Este site \u00e9 mantido [&hellip;]","og_url":"https:\/\/marchiori.com\/es\/politica-de-privacidade\/","og_site_name":"Marchiori Advogados","article_modified_time":"2023-07-12T17:35:12+00:00","twitter_card":"summary_large_image","twitter_misc":{"Est. reading time":"10 minutes"},"schema":{"@context":"https:\/\/schema.org","@graph":[{"@type":"WebPage","@id":"https:\/\/marchiori.com\/es\/politica-de-privacidade\/","url":"https:\/\/marchiori.com\/es\/politica-de-privacidade\/","name":"Pol\u00edtica de privacidade - Marchiori Advogados","isPartOf":{"@id":"https:\/\/marchiori.com\/#website"},"datePublished":"2021-07-05T13:43:23+00:00","dateModified":"2023-07-12T17:35:12+00:00","inLanguage":"es-ES","potentialAction":[{"@type":"ReadAction","target":["https:\/\/marchiori.com\/es\/politica-de-privacidade\/"]}]},{"@type":"WebSite","@id":"https:\/\/marchiori.com\/#website","url":"https:\/\/marchiori.com\/","name":"Marchiori Advogados","description":"Preservando os valores \u00e9ticos e morais no exerc\u00edcio da advocacia","potentialAction":[{"@type":"SearchAction","target":{"@type":"EntryPoint","urlTemplate":"https:\/\/marchiori.com\/?s={search_term_string}"},"query-input":{"@type":"PropertyValueSpecification","valueRequired":true,"valueName":"search_term_string"}}],"inLanguage":"es-ES"}]}},"_links":{"self":[{"href":"https:\/\/marchiori.com\/es\/wp-json\/wp\/v2\/pages\/2238","targetHints":{"allow":["GET"]}}],"collection":[{"href":"https:\/\/marchiori.com\/es\/wp-json\/wp\/v2\/pages"}],"about":[{"href":"https:\/\/marchiori.com\/es\/wp-json\/wp\/v2\/types\/page"}],"author":[{"embeddable":true,"href":"https:\/\/marchiori.com\/es\/wp-json\/wp\/v2\/users\/2"}],"replies":[{"embeddable":true,"href":"https:\/\/marchiori.com\/es\/wp-json\/wp\/v2\/comments?post=2238"}],"version-history":[{"count":6,"href":"https:\/\/marchiori.com\/es\/wp-json\/wp\/v2\/pages\/2238\/revisions"}],"predecessor-version":[{"id":7129,"href":"https:\/\/marchiori.com\/es\/wp-json\/wp\/v2\/pages\/2238\/revisions\/7129"}],"wp:attachment":[{"href":"https:\/\/marchiori.com\/es\/wp-json\/wp\/v2\/media?parent=2238"}],"curies":[{"name":"wp","href":"https:\/\/api.w.org\/{rel}","templated":true}]}}