{"id":2226,"date":"2021-05-06T14:58:31","date_gmt":"2021-05-06T17:58:31","guid":{"rendered":"https:\/\/marchiori.com\/nossa-atuacao\/"},"modified":"2023-02-15T22:16:15","modified_gmt":"2023-02-16T01:16:15","slug":"nossa-atuacao","status":"publish","type":"page","link":"https:\/\/marchiori.com\/es\/nossa-atuacao\/","title":{"rendered":"Nossa atua\u00e7\u00e3o"},"content":{"rendered":"","protected":false},"excerpt":{"rendered":"","protected":false},"author":2,"featured_media":0,"parent":0,"menu_order":0,"comment_status":"closed","ping_status":"closed","template":"pages\/acting.php","meta":{"om_disable_all_campaigns":false,"inline_featured_image":false,"_monsterinsights_skip_tracking":false,"_monsterinsights_sitenote_active":false,"_monsterinsights_sitenote_note":"","_monsterinsights_sitenote_category":0,"_uf_show_specific_survey":0,"_uf_disable_surveys":false,"footnotes":""},"class_list":["post-2226","page","type-page","status-publish","hentry"],"aioseo_notices":[],"yoast_head":"<!-- This site is optimized with the Yoast SEO plugin v26.3 - https:\/\/yoast.com\/wordpress\/plugins\/seo\/ -->\n<title>Nossa atua\u00e7\u00e3o - Marchiori Advogados<\/title>\n<meta name=\"description\" content=\"Pensamos em rela\u00e7\u00f5es confi\u00e1veis de longo prazo: possu\u00edmos mais de 10 anos de rela\u00e7\u00e3o com a maior parte dos nossos clientes.\" \/>\n<meta name=\"robots\" content=\"index, follow, max-snippet:-1, max-image-preview:large, max-video-preview:-1\" \/>\n<link rel=\"canonical\" href=\"https:\/\/marchiori.com\/es\/nossa-atuacao\/\" \/>\n<meta property=\"og:locale\" content=\"es_ES\" \/>\n<meta property=\"og:type\" content=\"article\" \/>\n<meta property=\"og:title\" content=\"Nossa atua\u00e7\u00e3o - Marchiori Advogados\" \/>\n<meta property=\"og:description\" content=\"Pensamos em rela\u00e7\u00f5es confi\u00e1veis de longo prazo: possu\u00edmos mais de 10 anos de rela\u00e7\u00e3o com a maior parte dos nossos clientes.\" \/>\n<meta property=\"og:url\" content=\"https:\/\/marchiori.com\/es\/nossa-atuacao\/\" \/>\n<meta property=\"og:site_name\" content=\"Marchiori Advogados\" \/>\n<meta property=\"article:modified_time\" content=\"2023-02-16T01:16:15+00:00\" \/>\n<meta name=\"twitter:card\" content=\"summary_large_image\" \/>\n<script type=\"application\/ld+json\" class=\"yoast-schema-graph\">{\"@context\":\"https:\/\/schema.org\",\"@graph\":[{\"@type\":\"WebPage\",\"@id\":\"https:\/\/marchiori.com\/es\/nossa-atuacao\/\",\"url\":\"https:\/\/marchiori.com\/es\/nossa-atuacao\/\",\"name\":\"Nossa atua\u00e7\u00e3o - Marchiori Advogados\",\"isPartOf\":{\"@id\":\"https:\/\/marchiori.com\/#website\"},\"datePublished\":\"2021-05-06T17:58:31+00:00\",\"dateModified\":\"2023-02-16T01:16:15+00:00\",\"description\":\"Pensamos em rela\u00e7\u00f5es confi\u00e1veis de longo prazo: possu\u00edmos mais de 10 anos de rela\u00e7\u00e3o com a maior parte dos nossos clientes.\",\"inLanguage\":\"es-ES\",\"potentialAction\":[{\"@type\":\"ReadAction\",\"target\":[\"https:\/\/marchiori.com\/es\/nossa-atuacao\/\"]}]},{\"@type\":\"WebSite\",\"@id\":\"https:\/\/marchiori.com\/#website\",\"url\":\"https:\/\/marchiori.com\/\",\"name\":\"Marchiori Advogados\",\"description\":\"Preservando os valores \u00e9ticos e morais no exerc\u00edcio da advocacia\",\"potentialAction\":[{\"@type\":\"SearchAction\",\"target\":{\"@type\":\"EntryPoint\",\"urlTemplate\":\"https:\/\/marchiori.com\/?s={search_term_string}\"},\"query-input\":{\"@type\":\"PropertyValueSpecification\",\"valueRequired\":true,\"valueName\":\"search_term_string\"}}],\"inLanguage\":\"es-ES\"}]}<\/script>\n<!-- \/ Yoast SEO plugin. -->","yoast_head_json":{"title":"Nossa atua\u00e7\u00e3o - Marchiori Advogados","description":"Pensamos em rela\u00e7\u00f5es confi\u00e1veis de longo prazo: possu\u00edmos mais de 10 anos de rela\u00e7\u00e3o com a maior parte dos nossos clientes.","robots":{"index":"index","follow":"follow","max-snippet":"max-snippet:-1","max-image-preview":"max-image-preview:large","max-video-preview":"max-video-preview:-1"},"canonical":"https:\/\/marchiori.com\/es\/nossa-atuacao\/","og_locale":"es_ES","og_type":"article","og_title":"Nossa atua\u00e7\u00e3o - Marchiori Advogados","og_description":"Pensamos em rela\u00e7\u00f5es confi\u00e1veis de longo prazo: possu\u00edmos mais de 10 anos de rela\u00e7\u00e3o com a maior parte dos nossos clientes.","og_url":"https:\/\/marchiori.com\/es\/nossa-atuacao\/","og_site_name":"Marchiori Advogados","article_modified_time":"2023-02-16T01:16:15+00:00","twitter_card":"summary_large_image","schema":{"@context":"https:\/\/schema.org","@graph":[{"@type":"WebPage","@id":"https:\/\/marchiori.com\/es\/nossa-atuacao\/","url":"https:\/\/marchiori.com\/es\/nossa-atuacao\/","name":"Nossa atua\u00e7\u00e3o - Marchiori Advogados","isPartOf":{"@id":"https:\/\/marchiori.com\/#website"},"datePublished":"2021-05-06T17:58:31+00:00","dateModified":"2023-02-16T01:16:15+00:00","description":"Pensamos em rela\u00e7\u00f5es confi\u00e1veis de longo prazo: possu\u00edmos mais de 10 anos de rela\u00e7\u00e3o com a maior parte dos nossos clientes.","inLanguage":"es-ES","potentialAction":[{"@type":"ReadAction","target":["https:\/\/marchiori.com\/es\/nossa-atuacao\/"]}]},{"@type":"WebSite","@id":"https:\/\/marchiori.com\/#website","url":"https:\/\/marchiori.com\/","name":"Marchiori Advogados","description":"Preservando os valores \u00e9ticos e morais no exerc\u00edcio da advocacia","potentialAction":[{"@type":"SearchAction","target":{"@type":"EntryPoint","urlTemplate":"https:\/\/marchiori.com\/?s={search_term_string}"},"query-input":{"@type":"PropertyValueSpecification","valueRequired":true,"valueName":"search_term_string"}}],"inLanguage":"es-ES"}]}},"_links":{"self":[{"href":"https:\/\/marchiori.com\/es\/wp-json\/wp\/v2\/pages\/2226","targetHints":{"allow":["GET"]}}],"collection":[{"href":"https:\/\/marchiori.com\/es\/wp-json\/wp\/v2\/pages"}],"about":[{"href":"https:\/\/marchiori.com\/es\/wp-json\/wp\/v2\/types\/page"}],"author":[{"embeddable":true,"href":"https:\/\/marchiori.com\/es\/wp-json\/wp\/v2\/users\/2"}],"replies":[{"embeddable":true,"href":"https:\/\/marchiori.com\/es\/wp-json\/wp\/v2\/comments?post=2226"}],"version-history":[{"count":12,"href":"https:\/\/marchiori.com\/es\/wp-json\/wp\/v2\/pages\/2226\/revisions"}],"predecessor-version":[{"id":6755,"href":"https:\/\/marchiori.com\/es\/wp-json\/wp\/v2\/pages\/2226\/revisions\/6755"}],"wp:attachment":[{"href":"https:\/\/marchiori.com\/es\/wp-json\/wp\/v2\/media?parent=2226"}],"curies":[{"name":"wp","href":"https:\/\/api.w.org\/{rel}","templated":true}]}}