{"id":2235,"date":"2021-05-06T12:59:44","date_gmt":"2021-05-06T15:59:44","guid":{"rendered":"https:\/\/marchiori.com\/educacao-corporativa\/"},"modified":"2025-12-16T11:45:19","modified_gmt":"2025-12-16T14:45:19","slug":"educacao-corporativa","status":"publish","type":"page","link":"https:\/\/marchiori.com\/en\/educacao-corporativa\/","title":{"rendered":"Educa\u00e7\u00e3o Jur\u00eddico-Corporativa"},"content":{"rendered":"<p>N\u00c3O ALTERA NENHUM CAMPO DA P\u00c1GINA<\/p>\n","protected":false},"excerpt":{"rendered":"<p>N\u00c3O ALTERA NENHUM CAMPO DA [&hellip;]<\/p>\n","protected":false},"author":2,"featured_media":0,"parent":0,"menu_order":0,"comment_status":"closed","ping_status":"closed","template":"pages\/education.php","meta":{"om_disable_all_campaigns":false,"inline_featured_image":false,"_monsterinsights_skip_tracking":false,"_monsterinsights_sitenote_active":false,"_monsterinsights_sitenote_note":"","_monsterinsights_sitenote_category":0,"_uf_show_specific_survey":0,"_uf_disable_surveys":false,"footnotes":""},"class_list":["post-2235","page","type-page","status-publish","hentry"],"aioseo_notices":[],"yoast_head":"<!-- This site is optimized with the Yoast SEO plugin v26.3 - https:\/\/yoast.com\/wordpress\/plugins\/seo\/ -->\n<title>Educa\u00e7\u00e3o Jur\u00eddico-Corporativa - Marchiori Advogados<\/title>\n<meta name=\"robots\" content=\"index, follow, max-snippet:-1, max-image-preview:large, max-video-preview:-1\" \/>\n<link rel=\"canonical\" href=\"https:\/\/marchiori.com\/en\/educacao-corporativa\/\" \/>\n<meta property=\"og:locale\" content=\"en_US\" \/>\n<meta property=\"og:type\" content=\"article\" \/>\n<meta property=\"og:title\" content=\"Educa\u00e7\u00e3o Jur\u00eddico-Corporativa - Marchiori Advogados\" \/>\n<meta property=\"og:description\" content=\"N\u00c3O ALTERA NENHUM CAMPO DA [&hellip;]\" \/>\n<meta property=\"og:url\" content=\"https:\/\/marchiori.com\/en\/educacao-corporativa\/\" \/>\n<meta property=\"og:site_name\" content=\"Marchiori Advogados\" \/>\n<meta property=\"article:modified_time\" content=\"2025-12-16T14:45:19+00:00\" \/>\n<meta name=\"twitter:card\" content=\"summary_large_image\" \/>\n<script type=\"application\/ld+json\" class=\"yoast-schema-graph\">{\"@context\":\"https:\/\/schema.org\",\"@graph\":[{\"@type\":\"WebPage\",\"@id\":\"https:\/\/marchiori.com\/en\/educacao-corporativa\/\",\"url\":\"https:\/\/marchiori.com\/en\/educacao-corporativa\/\",\"name\":\"Educa\u00e7\u00e3o Jur\u00eddico-Corporativa - Marchiori Advogados\",\"isPartOf\":{\"@id\":\"https:\/\/marchiori.com\/#website\"},\"datePublished\":\"2021-05-06T15:59:44+00:00\",\"dateModified\":\"2025-12-16T14:45:19+00:00\",\"inLanguage\":\"en-US\",\"potentialAction\":[{\"@type\":\"ReadAction\",\"target\":[\"https:\/\/marchiori.com\/en\/educacao-corporativa\/\"]}]},{\"@type\":\"WebSite\",\"@id\":\"https:\/\/marchiori.com\/#website\",\"url\":\"https:\/\/marchiori.com\/\",\"name\":\"Marchiori Advogados\",\"description\":\"Preservando os valores \u00e9ticos e morais no exerc\u00edcio da advocacia\",\"potentialAction\":[{\"@type\":\"SearchAction\",\"target\":{\"@type\":\"EntryPoint\",\"urlTemplate\":\"https:\/\/marchiori.com\/?s={search_term_string}\"},\"query-input\":{\"@type\":\"PropertyValueSpecification\",\"valueRequired\":true,\"valueName\":\"search_term_string\"}}],\"inLanguage\":\"en-US\"}]}<\/script>\n<!-- \/ Yoast SEO plugin. -->","yoast_head_json":{"title":"Educa\u00e7\u00e3o Jur\u00eddico-Corporativa - Marchiori Advogados","robots":{"index":"index","follow":"follow","max-snippet":"max-snippet:-1","max-image-preview":"max-image-preview:large","max-video-preview":"max-video-preview:-1"},"canonical":"https:\/\/marchiori.com\/en\/educacao-corporativa\/","og_locale":"en_US","og_type":"article","og_title":"Educa\u00e7\u00e3o Jur\u00eddico-Corporativa - Marchiori Advogados","og_description":"N\u00c3O ALTERA NENHUM CAMPO DA [&hellip;]","og_url":"https:\/\/marchiori.com\/en\/educacao-corporativa\/","og_site_name":"Marchiori Advogados","article_modified_time":"2025-12-16T14:45:19+00:00","twitter_card":"summary_large_image","schema":{"@context":"https:\/\/schema.org","@graph":[{"@type":"WebPage","@id":"https:\/\/marchiori.com\/en\/educacao-corporativa\/","url":"https:\/\/marchiori.com\/en\/educacao-corporativa\/","name":"Educa\u00e7\u00e3o Jur\u00eddico-Corporativa - Marchiori Advogados","isPartOf":{"@id":"https:\/\/marchiori.com\/#website"},"datePublished":"2021-05-06T15:59:44+00:00","dateModified":"2025-12-16T14:45:19+00:00","inLanguage":"en-US","potentialAction":[{"@type":"ReadAction","target":["https:\/\/marchiori.com\/en\/educacao-corporativa\/"]}]},{"@type":"WebSite","@id":"https:\/\/marchiori.com\/#website","url":"https:\/\/marchiori.com\/","name":"Marchiori Advogados","description":"Preservando os valores \u00e9ticos e morais no exerc\u00edcio da advocacia","potentialAction":[{"@type":"SearchAction","target":{"@type":"EntryPoint","urlTemplate":"https:\/\/marchiori.com\/?s={search_term_string}"},"query-input":{"@type":"PropertyValueSpecification","valueRequired":true,"valueName":"search_term_string"}}],"inLanguage":"en-US"}]}},"_links":{"self":[{"href":"https:\/\/marchiori.com\/en\/wp-json\/wp\/v2\/pages\/2235","targetHints":{"allow":["GET"]}}],"collection":[{"href":"https:\/\/marchiori.com\/en\/wp-json\/wp\/v2\/pages"}],"about":[{"href":"https:\/\/marchiori.com\/en\/wp-json\/wp\/v2\/types\/page"}],"author":[{"embeddable":true,"href":"https:\/\/marchiori.com\/en\/wp-json\/wp\/v2\/users\/2"}],"replies":[{"embeddable":true,"href":"https:\/\/marchiori.com\/en\/wp-json\/wp\/v2\/comments?post=2235"}],"version-history":[{"count":16,"href":"https:\/\/marchiori.com\/en\/wp-json\/wp\/v2\/pages\/2235\/revisions"}],"predecessor-version":[{"id":7618,"href":"https:\/\/marchiori.com\/en\/wp-json\/wp\/v2\/pages\/2235\/revisions\/7618"}],"wp:attachment":[{"href":"https:\/\/marchiori.com\/en\/wp-json\/wp\/v2\/media?parent=2235"}],"curies":[{"name":"wp","href":"https:\/\/api.w.org\/{rel}","templated":true}]}}