{"id":2215,"date":"2021-05-13T15:43:18","date_gmt":"2021-05-13T18:43:18","guid":{"rendered":"https:\/\/marchiori.com\/canal-de-etica-marchiori\/"},"modified":"2026-03-30T09:36:50","modified_gmt":"2026-03-30T12:36:50","slug":"canal-de-etica-marchiori","status":"publish","type":"page","link":"https:\/\/marchiori.com\/en\/canal-de-etica-marchiori\/","title":{"rendered":"Canal de \u00e9tica Marchiori"},"content":{"rendered":"<div id=\"x_divRplyFwdMsg\" dir=\"ltr\">\n<div style=\"text-align: left;\">\u00c9tica,<b><em>c<\/em><i>ompliance<\/i> e pr\u00e1ticas ESG<\/b><\/div>\n<div><\/div>\n<\/div>\n<div lang=\"PT-BR\">\n<div class=\"x_x_WordSection1\">\n<p>Em sintonia com o ambiente nacional e internacional de neg\u00f3cios e com as diretrizes de governan\u00e7a dos clientes, o escrit\u00f3rio atua na propaga\u00e7\u00e3o de valores \u00e9ticos e morais a seus colaboradores e parceiros, seguindo \u00e0 risca os dispositivos legais aplicados ao tema, em especial aqueles previstos na Lei 12.846\/13 (Lei Anticorrup\u00e7\u00e3o) e no FCPA (em ingl\u00eas, <em>Foreign Corrupt Practices Act<\/em>); no Estatuto (Lei 8.906\/94) e C\u00f3digo de \u00c9tica e Disciplina, ambos da OAB, e em seu pr\u00f3prio Regimento Interno.<\/p>\n<div>Al\u00e9m disso, as pol\u00edticas internas de tratamento e armazenamento de dados, por qualquer meio, inclusive nos meios digitais, bem assim as rela\u00e7\u00f5es com parceiros e clientes asseguram o cumprimento integral da Lei 13.709\/18 (Lei Geral de Prote\u00e7\u00e3o de Dados Pessoais &#8211; LGPD), sendo o sigilo profissional e a prote\u00e7\u00e3o m\u00e1xima do direito de privacidade outro pilar fundamental do escrit\u00f3rio.<\/div>\n<div><\/div>\n<div>Ademais, ciente de seu papel na sociedade e na vida das pessoas direta ou indiretamente vinculadas, o escrit\u00f3rio vem, ao longo dos anos, pautando sua atua\u00e7\u00e3o em pr\u00e1ticas construtivas, modernas e fundamentais, totalmente alinhadas a vis\u00e3o global de pol\u00edticas ESG (<i>Environmental, Social and Corporate Governance<\/i>), mediante a participa\u00e7\u00e3o, financeira e n\u00e3o financeira, em projetos de assist\u00eancia social, meio ambiente e desenvolvimento educacional.<\/div>\n<p>Com o intuito de disseminar e fiscalizar a ado\u00e7\u00e3o destes valores e condutas em toda e qualquer atividade do escrit\u00f3rio, tem-se o Comit\u00ea de \u00c9tica e <i>Compliance, <\/i>com Regimento Interno pr\u00f3prio e composto por 3 (tr\u00eas) s\u00f3cios eleitos mediante vota\u00e7\u00e3o da maioria para mandatos de 2 (dois) anos.<\/p>\n<p><strong>VEJA AQUI NOSSOS C\u00d3DIGOS E POL\u00cdTICAS:<\/strong><\/p>\n<p><span style=\"text-decoration: underline;\"><a href=\"https:\/\/marchiori.com\/wp-content\/uploads\/2026\/03\/Codigo-de-Etica-e-Conduta_Rev.01_23.Jan_.2026-1.pdf\" target=\"_blank\" rel=\"noopener noreferrer\">C\u00f3digo de \u00c9tica e Conduta<\/a><\/span><\/p>\n<p><span style=\"text-decoration: underline;\"><a href=\"https:\/\/marchiori.com\/wp-content\/uploads\/2026\/03\/Diretrizes_da_Politica_de_Qualidade_Seguranca_Informacao_Privacidade_Dados_Assinada.pdf\" target=\"_blank\" rel=\"noopener noreferrer\">Pol\u00edtica de Qualidade, Seguran\u00e7a e Privacidade da Informa\u00e7\u00e3o<\/a><\/span><\/p>\n<p><span style=\"text-decoration: underline;\"><a href=\"https:\/\/marchiori.com\/wp-content\/uploads\/2025\/03\/Termo_de_nomeacao_de_DPO-1-Manifesto-1.pdf\" target=\"_blank\" rel=\"noopener\">Termo de Nomea\u00e7\u00e3o de encarregado de prote\u00e7\u00e3o de dados (<i>data protection officer<\/i>)<\/a><\/span><\/p>\n<\/div>\n<\/div>\n<div id=\"acfifjfajpekbmhmjppnmmjgmhjkildl\" class=\"acfifjfajpekbmhmjppnmmjgmhjkildl\"><\/div>\n","protected":false},"excerpt":{"rendered":"<p>\u00c9tica,compliance e pr\u00e1ticas ESG Em [&hellip;]<\/p>\n","protected":false},"author":2,"featured_media":0,"parent":0,"menu_order":0,"comment_status":"closed","ping_status":"closed","template":"pages\/ethic.php","meta":{"om_disable_all_campaigns":false,"inline_featured_image":false,"_monsterinsights_skip_tracking":false,"_monsterinsights_sitenote_active":false,"_monsterinsights_sitenote_note":"","_monsterinsights_sitenote_category":0,"_uf_show_specific_survey":0,"_uf_disable_surveys":false,"footnotes":""},"class_list":["post-2215","page","type-page","status-publish","hentry"],"aioseo_notices":[],"yoast_head":"<!-- This site is optimized with the Yoast SEO plugin v26.3 - https:\/\/yoast.com\/wordpress\/plugins\/seo\/ -->\n<title>Canal de \u00e9tica Marchiori - Marchiori Advogados<\/title>\n<meta name=\"robots\" content=\"index, follow, max-snippet:-1, max-image-preview:large, max-video-preview:-1\" \/>\n<link rel=\"canonical\" href=\"https:\/\/marchiori.com\/en\/canal-de-etica-marchiori\/\" \/>\n<meta property=\"og:locale\" content=\"en_US\" \/>\n<meta property=\"og:type\" content=\"article\" \/>\n<meta property=\"og:title\" content=\"Canal de \u00e9tica Marchiori - Marchiori Advogados\" \/>\n<meta property=\"og:description\" content=\"\u00c9tica,compliance e pr\u00e1ticas ESG Em [&hellip;]\" \/>\n<meta property=\"og:url\" content=\"https:\/\/marchiori.com\/en\/canal-de-etica-marchiori\/\" \/>\n<meta property=\"og:site_name\" content=\"Marchiori Advogados\" \/>\n<meta property=\"article:modified_time\" content=\"2026-03-30T12:36:50+00:00\" \/>\n<meta name=\"twitter:card\" content=\"summary_large_image\" \/>\n<meta name=\"twitter:label1\" content=\"Est. reading time\" \/>\n\t<meta name=\"twitter:data1\" content=\"2 minutes\" \/>\n<script type=\"application\/ld+json\" class=\"yoast-schema-graph\">{\"@context\":\"https:\/\/schema.org\",\"@graph\":[{\"@type\":\"WebPage\",\"@id\":\"https:\/\/marchiori.com\/en\/canal-de-etica-marchiori\/\",\"url\":\"https:\/\/marchiori.com\/en\/canal-de-etica-marchiori\/\",\"name\":\"Canal de \u00e9tica Marchiori - Marchiori Advogados\",\"isPartOf\":{\"@id\":\"https:\/\/marchiori.com\/#website\"},\"datePublished\":\"2021-05-13T18:43:18+00:00\",\"dateModified\":\"2026-03-30T12:36:50+00:00\",\"inLanguage\":\"en-US\",\"potentialAction\":[{\"@type\":\"ReadAction\",\"target\":[\"https:\/\/marchiori.com\/en\/canal-de-etica-marchiori\/\"]}]},{\"@type\":\"WebSite\",\"@id\":\"https:\/\/marchiori.com\/#website\",\"url\":\"https:\/\/marchiori.com\/\",\"name\":\"Marchiori Advogados\",\"description\":\"Preservando os valores \u00e9ticos e morais no exerc\u00edcio da advocacia\",\"potentialAction\":[{\"@type\":\"SearchAction\",\"target\":{\"@type\":\"EntryPoint\",\"urlTemplate\":\"https:\/\/marchiori.com\/?s={search_term_string}\"},\"query-input\":{\"@type\":\"PropertyValueSpecification\",\"valueRequired\":true,\"valueName\":\"search_term_string\"}}],\"inLanguage\":\"en-US\"}]}<\/script>\n<!-- \/ Yoast SEO plugin. -->","yoast_head_json":{"title":"Canal de \u00e9tica Marchiori - Marchiori Advogados","robots":{"index":"index","follow":"follow","max-snippet":"max-snippet:-1","max-image-preview":"max-image-preview:large","max-video-preview":"max-video-preview:-1"},"canonical":"https:\/\/marchiori.com\/en\/canal-de-etica-marchiori\/","og_locale":"en_US","og_type":"article","og_title":"Canal de \u00e9tica Marchiori - Marchiori Advogados","og_description":"\u00c9tica,compliance e pr\u00e1ticas ESG Em [&hellip;]","og_url":"https:\/\/marchiori.com\/en\/canal-de-etica-marchiori\/","og_site_name":"Marchiori Advogados","article_modified_time":"2026-03-30T12:36:50+00:00","twitter_card":"summary_large_image","twitter_misc":{"Est. reading time":"2 minutes"},"schema":{"@context":"https:\/\/schema.org","@graph":[{"@type":"WebPage","@id":"https:\/\/marchiori.com\/en\/canal-de-etica-marchiori\/","url":"https:\/\/marchiori.com\/en\/canal-de-etica-marchiori\/","name":"Canal de \u00e9tica Marchiori - Marchiori Advogados","isPartOf":{"@id":"https:\/\/marchiori.com\/#website"},"datePublished":"2021-05-13T18:43:18+00:00","dateModified":"2026-03-30T12:36:50+00:00","inLanguage":"en-US","potentialAction":[{"@type":"ReadAction","target":["https:\/\/marchiori.com\/en\/canal-de-etica-marchiori\/"]}]},{"@type":"WebSite","@id":"https:\/\/marchiori.com\/#website","url":"https:\/\/marchiori.com\/","name":"Marchiori Advogados","description":"Preservando os valores \u00e9ticos e morais no exerc\u00edcio da advocacia","potentialAction":[{"@type":"SearchAction","target":{"@type":"EntryPoint","urlTemplate":"https:\/\/marchiori.com\/?s={search_term_string}"},"query-input":{"@type":"PropertyValueSpecification","valueRequired":true,"valueName":"search_term_string"}}],"inLanguage":"en-US"}]}},"_links":{"self":[{"href":"https:\/\/marchiori.com\/en\/wp-json\/wp\/v2\/pages\/2215","targetHints":{"allow":["GET"]}}],"collection":[{"href":"https:\/\/marchiori.com\/en\/wp-json\/wp\/v2\/pages"}],"about":[{"href":"https:\/\/marchiori.com\/en\/wp-json\/wp\/v2\/types\/page"}],"author":[{"embeddable":true,"href":"https:\/\/marchiori.com\/en\/wp-json\/wp\/v2\/users\/2"}],"replies":[{"embeddable":true,"href":"https:\/\/marchiori.com\/en\/wp-json\/wp\/v2\/comments?post=2215"}],"version-history":[{"count":41,"href":"https:\/\/marchiori.com\/en\/wp-json\/wp\/v2\/pages\/2215\/revisions"}],"predecessor-version":[{"id":7746,"href":"https:\/\/marchiori.com\/en\/wp-json\/wp\/v2\/pages\/2215\/revisions\/7746"}],"wp:attachment":[{"href":"https:\/\/marchiori.com\/en\/wp-json\/wp\/v2\/media?parent=2215"}],"curies":[{"name":"wp","href":"https:\/\/api.w.org\/{rel}","templated":true}]}}